{"id":636,"date":"2019-02-01T12:55:45","date_gmt":"2019-02-01T12:55:45","guid":{"rendered":"https:\/\/compositeskingdom.com\/hydronaut?page_id=636"},"modified":"2023-10-02T17:22:58","modified_gmt":"2023-10-02T16:22:58","slug":"resolucao-de-conflitos","status":"publish","type":"page","link":"https:\/\/compositeskingdom.com\/hydronaut\/resolucao-de-conflitos\/","title":{"rendered":"Resolu\u00e7\u00e3o de Conflitos"},"content":{"rendered":"\t\t<div data-elementor-type=\"wp-post\" data-elementor-id=\"636\" class=\"elementor elementor-636 elementor-bc-flex-widget\">\n\t\t\t\t\t\t<section class=\"elementor-section elementor-top-section elementor-element elementor-element-39dcce4 elementor-section-boxed elementor-section-height-default elementor-section-height-default\" data-id=\"39dcce4\" data-element_type=\"section\">\n\t\t\t\t\t\t<div class=\"elementor-container elementor-column-gap-default\">\n\t\t\t\t\t<div class=\"elementor-column elementor-col-100 elementor-top-column elementor-element elementor-element-bc96a88\" data-id=\"bc96a88\" data-element_type=\"column\">\n\t\t\t<div class=\"elementor-widget-wrap elementor-element-populated\">\n\t\t\t\t\t\t<div class=\"elementor-element elementor-element-182b8f2 elementor-widget elementor-widget-text-editor\" data-id=\"182b8f2\" data-element_type=\"widget\" data-widget_type=\"text-editor.default\">\n\t\t\t\t<div class=\"elementor-widget-container\">\n\t\t\t\t\t\t\t<p><strong>Em caso de lit\u00edgio o consumidor pode recorrer a esta entidade de resolu\u00e7\u00e3o de lit\u00edgios:<\/strong><\/p><p><strong><a href=\"http:\/\/www.cniacc.pt\/pt\/\">http:\/\/www.cniacc.pt\/<\/a><\/strong><\/p>\t\t\t\t\t\t<\/div>\n\t\t\t\t<\/div>\n\t\t\t\t\t<\/div>\n\t\t<\/div>\n\t\t\t\t\t<\/div>\n\t\t<\/section>\n\t\t\t\t<\/div>\n\t\t","protected":false},"excerpt":{"rendered":"<p>Em caso de lit\u00edgio o consumidor pode recorrer a esta entidade de resolu\u00e7\u00e3o de lit\u00edgios: http:\/\/www.cniacc.pt\/<\/p>\n","protected":false},"author":1,"featured_media":0,"parent":0,"menu_order":0,"comment_status":"closed","ping_status":"closed","template":"template\/template-full-width.php","meta":{"sfsi_plus_gutenberg_text_before_share":"","sfsi_plus_gutenberg_show_text_before_share":"","sfsi_plus_gutenberg_icon_type":"","sfsi_plus_gutenberg_icon_alignemt":"","sfsi_plus_gutenburg_max_per_row":"","footnotes":""},"_links":{"self":[{"href":"https:\/\/compositeskingdom.com\/hydronaut\/wp-json\/wp\/v2\/pages\/636"}],"collection":[{"href":"https:\/\/compositeskingdom.com\/hydronaut\/wp-json\/wp\/v2\/pages"}],"about":[{"href":"https:\/\/compositeskingdom.com\/hydronaut\/wp-json\/wp\/v2\/types\/page"}],"author":[{"embeddable":true,"href":"https:\/\/compositeskingdom.com\/hydronaut\/wp-json\/wp\/v2\/users\/1"}],"replies":[{"embeddable":true,"href":"https:\/\/compositeskingdom.com\/hydronaut\/wp-json\/wp\/v2\/comments?post=636"}],"version-history":[{"count":4,"href":"https:\/\/compositeskingdom.com\/hydronaut\/wp-json\/wp\/v2\/pages\/636\/revisions"}],"predecessor-version":[{"id":647,"href":"https:\/\/compositeskingdom.com\/hydronaut\/wp-json\/wp\/v2\/pages\/636\/revisions\/647"}],"wp:attachment":[{"href":"https:\/\/compositeskingdom.com\/hydronaut\/wp-json\/wp\/v2\/media?parent=636"}],"curies":[{"name":"wp","href":"https:\/\/api.w.org\/{rel}","templated":true}]}}