{"id":632,"date":"2019-02-01T12:53:45","date_gmt":"2019-02-01T12:53:45","guid":{"rendered":"https:\/\/compositeskingdom.com\/hydronaut?page_id=632"},"modified":"2023-10-02T17:19:42","modified_gmt":"2023-10-02T16:19:42","slug":"politica-de-cookies","status":"publish","type":"page","link":"https:\/\/compositeskingdom.com\/hydronaut\/politica-de-cookies\/","title":{"rendered":"Pol\u00edtica de Cookies"},"content":{"rendered":"\t\t<div data-elementor-type=\"wp-post\" data-elementor-id=\"632\" class=\"elementor elementor-632 elementor-bc-flex-widget\">\n\t\t\t\t\t\t<section class=\"elementor-section elementor-top-section elementor-element elementor-element-39dcce4 elementor-section-boxed elementor-section-height-default elementor-section-height-default\" data-id=\"39dcce4\" data-element_type=\"section\">\n\t\t\t\t\t\t<div class=\"elementor-container elementor-column-gap-default\">\n\t\t\t\t\t<div class=\"elementor-column elementor-col-100 elementor-top-column elementor-element elementor-element-bc96a88\" data-id=\"bc96a88\" data-element_type=\"column\">\n\t\t\t<div class=\"elementor-widget-wrap elementor-element-populated\">\n\t\t\t\t\t\t<div class=\"elementor-element elementor-element-182b8f2 elementor-widget elementor-widget-text-editor\" data-id=\"182b8f2\" data-element_type=\"widget\" data-widget_type=\"text-editor.default\">\n\t\t\t\t<div class=\"elementor-widget-container\">\n\t\t\t\t\t\t\t<p><strong>O que s\u00e3o cookies e como funcionam?<\/strong><\/p><p>Cookies s\u00e3o pequenos peda\u00e7os de c\u00f3digo armazenado no seu dispositivo. Os cookies n\u00e3o cont\u00eam nenhuma informa\u00e7\u00e3o pessoal e n\u00e3o s\u00e3o funcionais, ou seja, n\u00e3o s\u00e3o programas mas simples ficheiros de texto. A primeira vez que visitar os nossos sites, \u00e9 feito o download de um cookie para o seu dispositivo. Nas vezes seguintes os nossos sites reconhecem esse cookie e \u201csabe\u201d que visitou o nosso site anteriormente. O papel dos cookies \u00e9 ben\u00e9fico para os utilizadores pois melhora a experi\u00eancia dos mesmos em sites frequentemente visitados.<\/p><p><strong>Para que usamos os cookies?<\/strong><\/p><p>Os cookies permitem-nos melhorar o nosso site de forma a sabermos qual \u00e9 o numero de utilizadores \u00fanicos que nos visitam e quais as p\u00e1ginas visitadas. Isto permite-nos saber que conte\u00fado \u00e9 interessante para os nossos utilizadores. Com esses melhoramentos em mente usamos o Google Analytics, uma ferramenta de estat\u00edstica. A Informa\u00e7\u00e3o recolhida neste processo \u00e9 completamente an\u00f3nima e serve apenas fun\u00e7\u00e3o estat\u00edstica.<\/p><p><strong>Como pode controlar os cookies?<\/strong><\/p><p>Navegadores tais como Internet Explorer, Firefox, Google Chrome e Safari permitem que sejam alteradas as permiss\u00f5es de cookies de forma a evitar que sejam aceites cookies pelo seu dispositivo. No entanto tal restri\u00e7\u00e3o poder\u00e1 afetar a sua experi\u00eancia de utilizador. A sec\u00e7\u00e3o de \u201cAjuda\u201d no seu navegador poder\u00e1 indicar-lhe os passos necess\u00e1rios para efetuar tal altera\u00e7\u00e3o.<\/p>\t\t\t\t\t\t<\/div>\n\t\t\t\t<\/div>\n\t\t\t\t\t<\/div>\n\t\t<\/div>\n\t\t\t\t\t<\/div>\n\t\t<\/section>\n\t\t\t\t<\/div>\n\t\t","protected":false},"excerpt":{"rendered":"<p>O que s\u00e3o cookies e como funcionam? Cookies s\u00e3o pequenos peda\u00e7os de c\u00f3digo armazenado no seu dispositivo. Os cookies n\u00e3o cont\u00eam nenhuma informa\u00e7\u00e3o pessoal e<a class=\"btn btn-primary\"  href=\"https:\/\/compositeskingdom.com\/hydronaut\/politica-de-cookies\/\" target=\"_blank\">Read More<\/a><\/p>\n","protected":false},"author":1,"featured_media":0,"parent":0,"menu_order":0,"comment_status":"closed","ping_status":"closed","template":"template\/template-full-width.php","meta":{"sfsi_plus_gutenberg_text_before_share":"","sfsi_plus_gutenberg_show_text_before_share":"","sfsi_plus_gutenberg_icon_type":"","sfsi_plus_gutenberg_icon_alignemt":"","sfsi_plus_gutenburg_max_per_row":"","footnotes":""},"_links":{"self":[{"href":"https:\/\/compositeskingdom.com\/hydronaut\/wp-json\/wp\/v2\/pages\/632"}],"collection":[{"href":"https:\/\/compositeskingdom.com\/hydronaut\/wp-json\/wp\/v2\/pages"}],"about":[{"href":"https:\/\/compositeskingdom.com\/hydronaut\/wp-json\/wp\/v2\/types\/page"}],"author":[{"embeddable":true,"href":"https:\/\/compositeskingdom.com\/hydronaut\/wp-json\/wp\/v2\/users\/1"}],"replies":[{"embeddable":true,"href":"https:\/\/compositeskingdom.com\/hydronaut\/wp-json\/wp\/v2\/comments?post=632"}],"version-history":[{"count":3,"href":"https:\/\/compositeskingdom.com\/hydronaut\/wp-json\/wp\/v2\/pages\/632\/revisions"}],"predecessor-version":[{"id":635,"href":"https:\/\/compositeskingdom.com\/hydronaut\/wp-json\/wp\/v2\/pages\/632\/revisions\/635"}],"wp:attachment":[{"href":"https:\/\/compositeskingdom.com\/hydronaut\/wp-json\/wp\/v2\/media?parent=632"}],"curies":[{"name":"wp","href":"https:\/\/api.w.org\/{rel}","templated":true}]}}