{"id":627,"date":"2019-02-01T12:37:05","date_gmt":"2019-02-01T12:37:05","guid":{"rendered":"https:\/\/compositeskingdom.com\/hydronaut?page_id=627"},"modified":"2023-10-02T17:19:50","modified_gmt":"2023-10-02T16:19:50","slug":"politica-de-privacidade","status":"publish","type":"page","link":"https:\/\/compositeskingdom.com\/hydronaut\/politica-de-privacidade\/","title":{"rendered":"Pol\u00edtica de Privacidade"},"content":{"rendered":"\t\t<div data-elementor-type=\"wp-post\" data-elementor-id=\"627\" class=\"elementor elementor-627 elementor-bc-flex-widget\">\n\t\t\t\t\t\t<section class=\"elementor-section elementor-top-section elementor-element elementor-element-39dcce4 elementor-section-boxed elementor-section-height-default elementor-section-height-default\" data-id=\"39dcce4\" data-element_type=\"section\">\n\t\t\t\t\t\t<div class=\"elementor-container elementor-column-gap-default\">\n\t\t\t\t\t<div class=\"elementor-column elementor-col-100 elementor-top-column elementor-element elementor-element-bc96a88\" data-id=\"bc96a88\" data-element_type=\"column\">\n\t\t\t<div class=\"elementor-widget-wrap elementor-element-populated\">\n\t\t\t\t\t\t<div class=\"elementor-element elementor-element-182b8f2 elementor-widget elementor-widget-text-editor\" data-id=\"182b8f2\" data-element_type=\"widget\" data-widget_type=\"text-editor.default\">\n\t\t\t\t<div class=\"elementor-widget-container\">\n\t\t\t\t\t\t\t<p>A privacidade do utilizador \u00e9 importante para a empresa Adria Investimentos, S.A., \u00e1 frente referida como COMPOSITES KINGDOM.<br \/>A COMPOSITES KINGDOM compromete-se a garantir a confidencialidade e privacidade na recolha e tratamento dos dados dos seus Clientes e Utilizadores, cumprindo com as suas obriga\u00e7\u00f5es ao abrigo do Regulamento Geral sobre a Prote\u00e7\u00e3o de Dados, tendo para esse efeito desenvolvido a presente Pol\u00edtica de Privacidade.<br \/>\u00c2mbito geral:<br \/>A COMPOSITES KINGDOM \u00e9 respons\u00e1vel por esta Pol\u00edtica de Privacidade. A presente abrange este website, assim como outros sites, microsites, formul\u00e1rios e documentos que mencionem a dita pol\u00edtica.<br \/>No \u00e2mbito desta Pol\u00edtica de Privacidade, a COMPOSITES KINGDOM definiu como:<br \/>o Cliente: qualquer entidade que adquire os nossos produtos; e<br \/>o Utilizador: qualquer visitante deste website, assim como de outros sites e microsites que mencionem a dita pol\u00edtica.<br \/>A COMPOSITES KINGDOM reserva-se o direito de atualizar ou modificar a sua Pol\u00edtica de Privacidade a qualquer momento, nomeadamente, de forma a adapt\u00e1-la a altera\u00e7\u00f5es legislativas. O utilizador \u00e9 assim aconselhado a visitar esta p\u00e1gina regularmente.<br \/>Consentimento:<br \/>Ao utilizar este website, est\u00e1 a dar o seu consentimento para a recolha e utiliza\u00e7\u00e3o das informa\u00e7\u00f5es.<br \/>A COMPOSITES KINGDOM pode a qualquer momento modificar, adicionar ou eliminar qualquer uma das pol\u00edticas de privacidade do seu website (https:\/\/compositeskingdom.com\/hydronaut) atrav\u00e9s da atualiza\u00e7\u00e3o do conte\u00fado desta p\u00e1gina.<br \/>Dados recolhidos:<br \/>A COMPOSITES KINGDOM recolhe dados dos seus Clientes e Utilizadores, mediante submiss\u00e3o de formul\u00e1rios existentes para esse efeito, em formato digital e\/ou f\u00edsico.<br \/>A COMPOSITES KINGDOM \u00e9 a entidade respons\u00e1vel pela recolha e tratamento destes dados, decidindo as categorias dos dados recolhidos, qual o seu tratamento e as finalidades que dar\u00e1 aos mesmos.<br \/>Todos os procedimentos realizados de modo automatizado e n\u00e3o automatizado que permitam a recolha, organiza\u00e7\u00e3o, armazenamento, modifica\u00e7\u00e3o e a transfer\u00eancia dos dados pessoais ser\u00e3o considerados como \u201ctratamento de dados pessoais\u201d.<br \/>Utiliza\u00e7\u00e3o dos dados:<br \/>Os dados recolhidos pela COMPOSITES KINGDOM destinam-se ao processo de comunica\u00e7\u00e3o com os Clientes e Utilizadores.<br \/>Acesso aos dados:<br \/>A COMPOSITES KINGDOM n\u00e3o divulga a terceiros quaisquer dados pessoais dos seus Clientes e Utilizadores, sem o seu consentimento, exceto (1) quando se tratam de empresas do Grupo, ou (2) quando tal seja necess\u00e1rio para que os colaboradores, funcion\u00e1rios, fornecedores ou parceiros comerciais da COMPOSITES KINGDOM possam fornecer um produto ou servi\u00e7o ou executar uma fun\u00e7\u00e3o em nome da COMPOSITES KINGDOM, ou (3) quando tal for exigido ou permitido por lei.<br \/>A COMPOSITES KINGDOM adotar\u00e1 as precau\u00e7\u00f5es razo\u00e1veis para garantir que os seus funcion\u00e1rios ou colaboradores com acesso a dados pessoais recebam forma\u00e7\u00e3o adequada ao seu correto processamento, com respeito pela presente pol\u00edtica e pelas obriga\u00e7\u00f5es legais de prote\u00e7\u00e3o de dados. No caso de incumprimento, a COMPOSITES KINGDOM aplicar\u00e1 san\u00e7\u00f5es disciplinares aos seus funcion\u00e1rios e colaboradores.<br \/>Sempre que a COMPOSITES KINGDOM divulgar os dados pessoais do utilizador salvaguardar\u00e1 o cumprimento da Lei da Prote\u00e7\u00e3o de Dados Pessoais, nomeadamente atrav\u00e9s da previs\u00e3o de disposi\u00e7\u00f5es contratuais que garantam que o terceiro utiliza os dados recebidos somente para as finalidades especificadas, e em conformidade com os fins descritos nesta pol\u00edtica, e que faz uso de meios de seguran\u00e7a adequados, de forma a proteger os dados pessoais do utilizador contra tratamentos ilegais ou n\u00e3o autorizados bem como contra a sua perda acidental, destrui\u00e7\u00e3o ou outras a\u00e7\u00f5es danosas.<br \/>Armazenamento dos dados:<br \/>A COMPOSITES KINGDOM guarda os dados dos seus clientes e Utilizadores nos seus servidores localizados em Portugal. Estes servidores s\u00e3o protegidos e mantidos de acordo com standards elevados de seguran\u00e7a e por forma a respeitar as leis de privacidade aplic\u00e1veis.<br \/>Tempo de Armazenamento dos dados:<br \/>O per\u00edodo de tempo de armazenamento e conserva\u00e7\u00e3o dos dados pessoais de Clientes e Utilizadores da COMPOSITES KINGDOM varia de acordo com a finalidade.<br \/>Os dados pessoais dos Utilizadores do nosso website e microsites ser\u00e3o conservados at\u00e9 que os mesmos se mantenham ativos, sendo apagados com o fim desta utiliza\u00e7\u00e3o.<br \/>Os dados dos Clientes e outros dados espec\u00edficos a conservar para cumprimento de obriga\u00e7\u00f5es legais da COMPOSITES KINGDOM poder\u00e3o estender-se por um per\u00edodo m\u00e1ximo de at\u00e9 10 anos (de acordo com o artigo 130\u00ba do C\u00f3digo do Imposto sobre o Rendimento das Pessoas Coletivas), findo o qual os mesmos ser\u00e3o eliminados.<br \/>Seguran\u00e7a dos dados:<br \/>A COMPOSITES KINGDOM tomou as medidas t\u00e9cnicas e organizacionais necess\u00e1rias para proteger, de forma adequada, os seus dados relativamente a processamento e acesso n\u00e3o autorizado.<br \/>A COMPOSITES KINGDOM desenvolve todos os esfor\u00e7os razo\u00e1veis adequados para evitar a utiliza\u00e7\u00e3o n\u00e3o autorizada ou ilegal dos dados pessoais do utilizador, bem como a sua perda, destrui\u00e7\u00e3o ou danifica\u00e7\u00e3o. No entanto, a COMPOSITES KINGDOM n\u00e3o pode fornecer uma garantia absoluta relativamente aos dados do Utilizador. Sempre que exista uma fuga, perda ou viola\u00e7\u00e3o de dados pessoais que seja suscet\u00edvel de implicar um elevado risco para os direitos e liberdades dos seus Clientes e Utilizadores, a COMPOSITES KINGDOM ir\u00e1:<br \/>Notificar, num espa\u00e7o de 72 horas ap\u00f3s ter tido conhecimento do ocorrido, as autoridades de controlo;<br \/>Comunicar atempadamente a situa\u00e7\u00e3o ao(s) titular(es) dos dados afetados.<br \/>A COMPOSITES KINGDOM garante a seguran\u00e7a dos dados pessoais do utilizador atrav\u00e9s dos seguintes meios: (1) uso de encripta\u00e7\u00e3o com certificado em todas as comunica\u00e7\u00f5es do website, (2) uso de password para acesso ao website; e (3) limita\u00e7\u00e3o do acesso aos dados pessoais (por exemplo, acesso s\u00f3 aos funcion\u00e1rios ou trabalhadores da COMPOSITES KINGDOM que necessitem de lhes aceder para os fins acima descritos).<br \/>Links externos:<br \/>O website, microsites e plataformas sociais da COMPOSITES KINGDOM podem conter links para outros websites e endere\u00e7os de email de empresas n\u00e3o pertencentes \u00e0 COMPOSITES KINGDOM.<br \/>A presente pol\u00edtica de privacidade n\u00e3o se aplica a esses websites e endere\u00e7os de email.<br \/>Se o Utilizador aceder a um link dispon\u00edvel no website, microsites e plataformas sociais da COMPOSITES KINGDOM para outro website e fornecer dados pessoais nesse site, o processamento dos dados estar\u00e1 sujeito \u00e0 declara\u00e7\u00e3o de privacidade desse website.<br \/>Cookies:<br \/>O website da COMPOSITES KINGDOM utiliza cookies em determinadas \u00e1reas.<br \/>Os cookies s\u00e3o ficheiros que armazenam informa\u00e7\u00f5es no disco r\u00edgido ou browser do utilizador, permitindo que os websites o reconhe\u00e7am e saibam que j\u00e1 os visitou anteriormente.<br \/>O utilizador pode configurar o seu browser para recusar os cookies, por\u00e9m nesse caso, o website ou partes do mesmo podem n\u00e3o funcionar corretamente.<br \/>Os cookies s\u00e3o utilizados para monitorizar e analisar a utiliza\u00e7\u00e3o do website, permitindo \u00e0 COMPOSITES KINGDOM identificar e servir melhor o Utilizador.<br \/>Direitos do utilizador:<br \/>De acordo com Lei da Prote\u00e7\u00e3o de Dados Pessoais, o utilizador tem direito a obter informa\u00e7\u00f5es sobre os seus dados pessoais. Tem o direito de saber que dados pessoais foram processados pela COMPOSITES KINGDOM, podendo tamb\u00e9m requerer \u00e0 mesma para corrigir, complementar, bloquear ou eliminar os dados total ou parcialmente no caso de se revelarem incompletos, incorretos ou irrelevantes para efeitos de processamento.<br \/>A atualiza\u00e7\u00e3o de dados dever\u00e1 ser comunicada pelo pr\u00f3prio utilizador atrav\u00e9s do formul\u00e1rio criado para o prop\u00f3sito ou atrav\u00e9s do email geral@compositeskingdom.com.<br \/>Caso deseje, a qualquer momento, deixar de fazer parte da base de dados COMPOSITES KINGDOM poder\u00e1 exercer esse direito, contactando-nos atrav\u00e9s do email geral@compositeskingdom.com.<\/p>\t\t\t\t\t\t<\/div>\n\t\t\t\t<\/div>\n\t\t\t\t\t<\/div>\n\t\t<\/div>\n\t\t\t\t\t<\/div>\n\t\t<\/section>\n\t\t\t\t<\/div>\n\t\t","protected":false},"excerpt":{"rendered":"<p>A privacidade do utilizador \u00e9 importante para a empresa Adria Investimentos, S.A., \u00e1 frente referida como COMPOSITES KINGDOM. A COMPOSITES KINGDOM compromete-se a garantir a<a class=\"btn btn-primary\"  href=\"https:\/\/compositeskingdom.com\/hydronaut\/politica-de-privacidade\/\" target=\"_blank\">Read More<\/a><\/p>\n","protected":false},"author":1,"featured_media":0,"parent":0,"menu_order":0,"comment_status":"closed","ping_status":"closed","template":"template\/template-full-width.php","meta":{"sfsi_plus_gutenberg_text_before_share":"","sfsi_plus_gutenberg_show_text_before_share":"","sfsi_plus_gutenberg_icon_type":"","sfsi_plus_gutenberg_icon_alignemt":"","sfsi_plus_gutenburg_max_per_row":"","footnotes":""},"_links":{"self":[{"href":"https:\/\/compositeskingdom.com\/hydronaut\/wp-json\/wp\/v2\/pages\/627"}],"collection":[{"href":"https:\/\/compositeskingdom.com\/hydronaut\/wp-json\/wp\/v2\/pages"}],"about":[{"href":"https:\/\/compositeskingdom.com\/hydronaut\/wp-json\/wp\/v2\/types\/page"}],"author":[{"embeddable":true,"href":"https:\/\/compositeskingdom.com\/hydronaut\/wp-json\/wp\/v2\/users\/1"}],"replies":[{"embeddable":true,"href":"https:\/\/compositeskingdom.com\/hydronaut\/wp-json\/wp\/v2\/comments?post=627"}],"version-history":[{"count":3,"href":"https:\/\/compositeskingdom.com\/hydronaut\/wp-json\/wp\/v2\/pages\/627\/revisions"}],"predecessor-version":[{"id":631,"href":"https:\/\/compositeskingdom.com\/hydronaut\/wp-json\/wp\/v2\/pages\/627\/revisions\/631"}],"wp:attachment":[{"href":"https:\/\/compositeskingdom.com\/hydronaut\/wp-json\/wp\/v2\/media?parent=627"}],"curies":[{"name":"wp","href":"https:\/\/api.w.org\/{rel}","templated":true}]}}