{"id":3278,"date":"2022-12-07T16:21:04","date_gmt":"2022-12-07T16:21:04","guid":{"rendered":"https:\/\/compositeskingdom.com\/hydronaut?page_id=3278"},"modified":"2023-10-02T17:22:48","modified_gmt":"2023-10-02T16:22:48","slug":"relatorios-de-contas","status":"publish","type":"page","link":"https:\/\/compositeskingdom.com\/hydronaut\/relatorios-de-contas\/","title":{"rendered":"Relat\u00f3rios de Contas"},"content":{"rendered":"\t\t<div data-elementor-type=\"wp-post\" data-elementor-id=\"3278\" class=\"elementor elementor-3278\">\n\t\t\t\t\t\t<section class=\"elementor-section elementor-top-section elementor-element elementor-element-39dcce4 elementor-section-boxed elementor-section-height-default elementor-section-height-default\" data-id=\"39dcce4\" data-element_type=\"section\">\n\t\t\t\t\t\t<div class=\"elementor-container elementor-column-gap-default\">\n\t\t\t\t\t<div class=\"elementor-column elementor-col-100 elementor-top-column elementor-element elementor-element-bc96a88\" data-id=\"bc96a88\" data-element_type=\"column\">\n\t\t\t<div class=\"elementor-widget-wrap elementor-element-populated\">\n\t\t\t\t\t\t<div class=\"elementor-element elementor-element-53bde07 elementor-widget elementor-widget-button\" data-id=\"53bde07\" data-element_type=\"widget\" data-widget_type=\"button.default\">\n\t\t\t\t<div class=\"elementor-widget-container\">\n\t\t\t\t\t<div class=\"elementor-button-wrapper\">\n\t\t\t<a class=\"elementor-button elementor-button-link elementor-size-sm\" href=\"https:\/\/compositeskingdom.com\/hydronaut\/wp-content\/uploads\/2022\/12\/Adria-parecer-FU-2021.pdf\">\n\t\t\t\t\t\t<span class=\"elementor-button-content-wrapper\">\n\t\t\t\t\t\t\t\t\t<span class=\"elementor-button-text\">Relat\u00f3rio e parecer do fiscal \u00fanico - 2021 - PDF<\/span>\n\t\t\t\t\t<\/span>\n\t\t\t\t\t<\/a>\n\t\t<\/div>\n\t\t\t\t<\/div>\n\t\t\t\t<\/div>\n\t\t\t\t<div class=\"elementor-element elementor-element-83caa9e elementor-widget elementor-widget-button\" data-id=\"83caa9e\" data-element_type=\"widget\" data-widget_type=\"button.default\">\n\t\t\t\t<div class=\"elementor-widget-container\">\n\t\t\t\t\t<div class=\"elementor-button-wrapper\">\n\t\t\t<a class=\"elementor-button elementor-button-link elementor-size-sm\" href=\"https:\/\/compositeskingdom.com\/hydronaut\/wp-content\/uploads\/2022\/12\/ADI-CLC-2021.pdf\">\n\t\t\t\t\t\t<span class=\"elementor-button-content-wrapper\">\n\t\t\t\t\t\t\t\t\t<span class=\"elementor-button-text\">Certifica\u00e7\u00e3o legal das contas - 2021 - PDF<\/span>\n\t\t\t\t\t<\/span>\n\t\t\t\t\t<\/a>\n\t\t<\/div>\n\t\t\t\t<\/div>\n\t\t\t\t<\/div>\n\t\t\t\t\t<\/div>\n\t\t<\/div>\n\t\t\t\t\t<\/div>\n\t\t<\/section>\n\t\t\t\t<\/div>\n\t\t","protected":false},"excerpt":{"rendered":"<p>Relat\u00f3rio e parecer do fiscal \u00fanico &#8211; 2021 &#8211; PDF Certifica\u00e7\u00e3o legal das contas &#8211; 2021 &#8211; PDF<\/p>\n","protected":false},"author":1,"featured_media":0,"parent":0,"menu_order":0,"comment_status":"closed","ping_status":"closed","template":"template\/template-full-width.php","meta":{"sfsi_plus_gutenberg_text_before_share":"","sfsi_plus_gutenberg_show_text_before_share":"","sfsi_plus_gutenberg_icon_type":"","sfsi_plus_gutenberg_icon_alignemt":"","sfsi_plus_gutenburg_max_per_row":"","footnotes":""},"_links":{"self":[{"href":"https:\/\/compositeskingdom.com\/hydronaut\/wp-json\/wp\/v2\/pages\/3278"}],"collection":[{"href":"https:\/\/compositeskingdom.com\/hydronaut\/wp-json\/wp\/v2\/pages"}],"about":[{"href":"https:\/\/compositeskingdom.com\/hydronaut\/wp-json\/wp\/v2\/types\/page"}],"author":[{"embeddable":true,"href":"https:\/\/compositeskingdom.com\/hydronaut\/wp-json\/wp\/v2\/users\/1"}],"replies":[{"embeddable":true,"href":"https:\/\/compositeskingdom.com\/hydronaut\/wp-json\/wp\/v2\/comments?post=3278"}],"version-history":[{"count":10,"href":"https:\/\/compositeskingdom.com\/hydronaut\/wp-json\/wp\/v2\/pages\/3278\/revisions"}],"predecessor-version":[{"id":3292,"href":"https:\/\/compositeskingdom.com\/hydronaut\/wp-json\/wp\/v2\/pages\/3278\/revisions\/3292"}],"wp:attachment":[{"href":"https:\/\/compositeskingdom.com\/hydronaut\/wp-json\/wp\/v2\/media?parent=3278"}],"curies":[{"name":"wp","href":"https:\/\/api.w.org\/{rel}","templated":true}]}}