{"id":1347,"date":"2020-01-29T12:21:54","date_gmt":"2020-01-29T12:21:54","guid":{"rendered":"https:\/\/compositeskingdom.com\/hydronaut?page_id=1347"},"modified":"2024-06-17T14:32:52","modified_gmt":"2024-06-17T13:32:52","slug":"barbatanas-mergulho-fibra-carbono-hydronaut-garantia","status":"publish","type":"page","link":"https:\/\/compositeskingdom.com\/hydronaut\/barbatanas-mergulho-fibra-carbono-hydronaut-garantia\/","title":{"rendered":"Hydronaut &#8211; Garantia"},"content":{"rendered":"\t\t<div data-elementor-type=\"wp-post\" data-elementor-id=\"1347\" class=\"elementor elementor-1347\">\n\t\t\t\t\t\t<section class=\"elementor-section elementor-top-section elementor-element elementor-element-39dcce4 elementor-section-boxed elementor-section-height-default elementor-section-height-default\" data-id=\"39dcce4\" data-element_type=\"section\">\n\t\t\t\t\t\t<div class=\"elementor-container elementor-column-gap-default\">\n\t\t\t\t\t<div class=\"elementor-column elementor-col-100 elementor-top-column elementor-element elementor-element-bc96a88\" data-id=\"bc96a88\" data-element_type=\"column\">\n\t\t\t<div class=\"elementor-widget-wrap elementor-element-populated\">\n\t\t\t\t\t\t<div class=\"elementor-element elementor-element-a476016 elementor-widget elementor-widget-image\" data-id=\"a476016\" data-element_type=\"widget\" data-widget_type=\"image.default\">\n\t\t\t\t<div class=\"elementor-widget-container\">\n\t\t\t\t\t\t\t\t\t\t\t\t\t<img fetchpriority=\"high\" decoding=\"async\" width=\"1033\" height=\"456\" src=\"https:\/\/compositeskingdom.com\/hydronaut\/wp-content\/uploads\/2020\/01\/logo-hydronaut-transparente-shadow.png\" class=\"attachment-full size-full wp-image-1372\" alt=\"\" srcset=\"https:\/\/compositeskingdom.com\/hydronaut\/wp-content\/uploads\/2020\/01\/logo-hydronaut-transparente-shadow.png 1033w, https:\/\/compositeskingdom.com\/hydronaut\/wp-content\/uploads\/2020\/01\/logo-hydronaut-transparente-shadow-300x132.png 300w, https:\/\/compositeskingdom.com\/hydronaut\/wp-content\/uploads\/2020\/01\/logo-hydronaut-transparente-shadow-1024x452.png 1024w, https:\/\/compositeskingdom.com\/hydronaut\/wp-content\/uploads\/2020\/01\/logo-hydronaut-transparente-shadow-768x339.png 768w\" sizes=\"(max-width: 1033px) 100vw, 1033px\" \/>\t\t\t\t\t\t\t\t\t\t\t\t\t<\/div>\n\t\t\t\t<\/div>\n\t\t\t\t<div class=\"elementor-element elementor-element-5b3acc2 elementor-widget elementor-widget-spacer\" data-id=\"5b3acc2\" data-element_type=\"widget\" data-widget_type=\"spacer.default\">\n\t\t\t\t<div class=\"elementor-widget-container\">\n\t\t\t\t\t<div class=\"elementor-spacer\">\n\t\t\t<div class=\"elementor-spacer-inner\"><\/div>\n\t\t<\/div>\n\t\t\t\t<\/div>\n\t\t\t\t<\/div>\n\t\t\t\t<div class=\"elementor-element elementor-element-182b8f2 elementor-widget elementor-widget-text-editor\" data-id=\"182b8f2\" data-element_type=\"widget\" data-widget_type=\"text-editor.default\">\n\t\t\t\t<div class=\"elementor-widget-container\">\n\t\t\t\t\t\t\t<h4><strong>HYDRONAUT Carbon Diving Fins \u00e9 um produto registrado da COMPOSITES KINGDOM (fabricante).<\/strong><\/h4><h4>As l\u00e2minas de fibra de carbono das Barbatanas Hydronaut t\u00eam 2 anos de garantia, havendo a possibilidade de passar a terem 5 anos, caso o cliente se registe no formul\u00e1rio abaixo:<\/h4>\t\t\t\t\t\t<\/div>\n\t\t\t\t<\/div>\n\t\t\t\t<div class=\"elementor-element elementor-element-74ea99e elementor-widget elementor-widget-text-editor\" data-id=\"74ea99e\" data-element_type=\"widget\" data-widget_type=\"text-editor.default\">\n\t\t\t\t<div class=\"elementor-widget-container\">\n\t\t\t\t\t\t\t\n<div class=\"wpcf7 no-js\" id=\"wpcf7-f3480-o1\" lang=\"\" dir=\"ltr\">\n<div class=\"screen-reader-response\"><p role=\"status\" aria-live=\"polite\" aria-atomic=\"true\"><\/p> <ul><\/ul><\/div>\n<form action=\"\/hydronaut\/wp-json\/wp\/v2\/pages\/1347#wpcf7-f3480-o1\" method=\"post\" class=\"wpcf7-form init\" aria-label=\"Formul\u00e1rio de contacto\" novalidate=\"novalidate\" data-status=\"init\">\n<div style=\"display: none;\">\n<input type=\"hidden\" name=\"_wpcf7\" value=\"3480\" \/>\n<input type=\"hidden\" name=\"_wpcf7_version\" value=\"5.9.6\" \/>\n<input type=\"hidden\" name=\"_wpcf7_locale\" value=\"\" \/>\n<input type=\"hidden\" name=\"_wpcf7_unit_tag\" value=\"wpcf7-f3480-o1\" \/>\n<input type=\"hidden\" name=\"_wpcf7_container_post\" value=\"0\" \/>\n<input type=\"hidden\" name=\"_wpcf7_posted_data_hash\" value=\"\" \/>\n<input type=\"hidden\" name=\"_wpcf7_recaptcha_response\" value=\"\" \/>\n<\/div>\n<p><span class=\"wpcf7-form-control-wrap\" data-name=\"Nome\"><input size=\"40\" maxlength=\"80\" class=\"wpcf7-form-control wpcf7-text wpcf7-validates-as-required\" aria-required=\"true\" aria-invalid=\"false\" placeholder=\"Nome Completo\" value=\"\" type=\"text\" name=\"Nome\" \/><\/span>\n<\/p>\n<p><span class=\"wpcf7-form-control-wrap\" data-name=\"email\"><input size=\"40\" maxlength=\"80\" class=\"wpcf7-form-control wpcf7-text wpcf7-validates-as-required\" aria-required=\"true\" aria-invalid=\"false\" placeholder=\"Email\" value=\"\" type=\"text\" name=\"email\" \/><\/span>\n<\/p>\n<p><span class=\"wpcf7-form-control-wrap\" data-name=\"numerodeserie\"><input size=\"40\" maxlength=\"80\" class=\"wpcf7-form-control wpcf7-text\" aria-invalid=\"false\" placeholder=\"N\u00famero de S\u00e9rie\" value=\"\" type=\"text\" name=\"numerodeserie\" \/><\/span>\n<\/p>\n<p>(para encontrar n\u00famero de s\u00e9rie ver manual de utilizador e garantia ou na parte traseira das barbatanas)\n<\/p>\n<p><input class=\"wpcf7-form-control wpcf7-submit has-spinner\" type=\"submit\" value=\"Enviar\" \/>\n<\/p><input type='hidden' class='wpcf7-pum' value='{\"closepopup\":false,\"closedelay\":0,\"openpopup\":false,\"openpopup_id\":0}' \/><div class=\"wpcf7-response-output\" aria-hidden=\"true\"><\/div>\n<\/form>\n<\/div>\n\t\t\t\t\t\t<\/div>\n\t\t\t\t<\/div>\n\t\t\t\t<div class=\"elementor-element elementor-element-eac22d0 text-left elementor-widget elementor-widget-xs-button\" data-id=\"eac22d0\" data-element_type=\"widget\" data-widget_type=\"xs-button.default\">\n\t\t\t\t<div class=\"elementor-widget-container\">\n\t\t\t\t\t<a href=\"https:\/\/compositeskingdom.com\/hydronaut\/wp-content\/uploads\/2023\/09\/GARANTIA_HYDRONAUT_2023_V01.pdf\" target=\"_self\" class=\"beautypress-btn xs-btn bg-color-purple round-btn box-shadow-btn\">ver garantia em PDF - PT \/ EN<span><\/span><\/a>\n        \t\t<\/div>\n\t\t\t\t<\/div>\n\t\t\t\t<div class=\"elementor-element elementor-element-f31a1ec elementor-widget elementor-widget-text-editor\" data-id=\"f31a1ec\" data-element_type=\"widget\" data-widget_type=\"text-editor.default\">\n\t\t\t\t<div class=\"elementor-widget-container\">\n\t\t\t\t\t\t\t<h4><strong>PROGRAMA DE GARANTIA HYDRONAUT<\/strong><\/h4><h4>1. A HYDRONAUT garante apenas produtos originais HYDRONAUT comprados directamente \u00e0 HYDRONAUT ou comprados a revendedores autorizados em todo o mundo.<\/h4><h4>2. A garantia do produto HYDRONAUT pode variar para cada equipamento e pode variar de acordo com o modelo e ano de produ\u00e7\u00e3o. \u00c9 limitado a um periodo de 2 anos a partir da data de compra do produto pelo consumidor, salvo indica\u00e7\u00e3o contr\u00e1ria. Esta data deve ser verificada por um documento de venda v\u00e1lido e original (fatura ou recibo) juntamente com o certificado de garantia no qual o n\u00famero de s\u00e9rie \u00e9 indicado.<\/h4><h4>3. Para obter vantagens de 5 anos de garantia, apenas nos modelos \u00e9 aplic\u00e1vel, se for feito o registo em WWW.COMPOSITESKINGDOM.COM preenchendo os campos com a data de compra e o n\u00famero de s\u00e9rie do produto, presente no documento do anexo \u00e0 compra.<\/h4><h4>4. As pol\u00edticas de garantia estendida n\u00e3o descritas neste documento podem aplicar-se a certas categorias e pa\u00edses.<\/h4><h4>5. As reivindica\u00e7\u00f5es de garantia s\u00e3o aceites somente ap\u00f3s a devolu\u00e7\u00e3o do produto defeituoso, completo com o certificado de garantia preenchido na \u00edntegra e assinado pelo Revendedor Autorizado, e acompanhado por um documento de venda v\u00e1lido e original (recibo ou fatura) mostrando a data da compra. A HYDRONAUT reserva-se o direto de recusar o servi\u00e7o gratuito se a documenta\u00e7\u00e3o solicitada n\u00e3o puder ser fornecida ou se as informa\u00e7\u00f5es forem incompativeis, ilegiveis ou incorretas.<\/h4><h4>6. As reivindica\u00e7\u00f5es de garantia devem ser enviadas ao revendedor autorizado do produto HYDRONAUT onde o produto foi comprado. O revendedor autorizado enviar\u00e1 o produto para a f\u00e1brica. Se o produto estiver dentro do periodo de garantia, conforme evidenciado pela documenta\u00e7\u00e3o solicitada acima, e for considerado defeituoso por qualquer motivo, (exceto aqueles listados nos casos de exclus\u00e3o relatados nas p\u00e1ginas 3 a 6) a HYDRONAUT ir\u00e1 reparar ou substituir o produto defeituoso a seu crit\u00e9rio sem cobrar com a exclus\u00e3o de despesas de envio e direitos aduaneiros \u00e0 HYDRONAUT, que s\u00e3o da responsabilidade do cliente.<\/h4><h4>7. Note que o revendedor local ou Distribuidor HYDRONAUT tem o direito de cobrar taxas de manuseio e todas as outras taxas de frete e direitos relacionados a uma reivindica\u00e7\u00e3o de garantia para compras feitas fora de PORTUGAL. A HYDRONAUT recusar\u00e1 o servi\u00e7o de garantia se o produto N\u00c3O tiver sido comprado directamente \u00e0 HYDRONAUT ou de um revendedor autorizado HYDRONAUT.<\/h4><h4>8. A HYDRONAUT reserva o direito de substituir o produto reivindicado por um produto semelhante de valor compar\u00e1vel em caso de indisponibilidade do produto defeituoso. Todas as partes do artigo ou produto que a HYDRONAUT substituir tornar-se-\u00e3o propriedade da HYDRONAUT.<\/h4><h4>9. Qualquer produto reparado ou substituido (ou pe\u00e7a) estende a garantia original al\u00e9m do periodo de 2 anos por outro periodo igual ao periodo de substitui\u00e7\u00e3o do reparo.<\/h4><h4>10. Se o produto n\u00e3o estiver coberto pelos termos e condi\u00e7\u00f5es desta garantia, A HYDRONAUT reserva-se no direito de cobrar uma taxa de entrega.<\/h4>\t\t\t\t\t\t<\/div>\n\t\t\t\t<\/div>\n\t\t\t\t<div class=\"elementor-element elementor-element-a3036c1 elementor-widget elementor-widget-text-editor\" data-id=\"a3036c1\" data-element_type=\"widget\" data-widget_type=\"text-editor.default\">\n\t\t\t\t<div class=\"elementor-widget-container\">\n\t\t\t\t\t\t\t<h4><strong>CASOS DE EXCLUS\u00c3O DE GARANTIA HYDRONAUT\u00a0 (Figuras exemplificativas abaixo)<\/strong><\/h4><h4>Apenas defeitos ou danos resultantes de um material ou defeito de fabrica\u00e7\u00e3o s\u00e3o cobertos pelo programa de garantia HYDRONAUT.<\/h4><h4>Outros defeitos ou danos, especialmente os listados abaixo, N\u00c3O s\u00e3o cobertos pela nossa garantia:<\/h4><h4>1. Produtos com arranh\u00f5es, pontua\u00e7\u00e3o, superficie alterada devido \u00e0 presen\u00e7a de arranh\u00f5es, ou superficie alterada de qualquer forma, NUNCA s\u00e3o cobertos pela garantia (fig. 1)<\/h4><h4>2. L\u00e2minas danificadas em qualquer parte, que mostrem arranh\u00f5es (mais ou menos profundos), altera\u00e7\u00e3o da superficie da l\u00e2mina devido a arranh\u00f5es, NUNCA s\u00e3o cobertas pela garantia (fig. 2)<\/h4><h4>3. Usar as l\u00e2minas com perfis laterais danificados ou modificados, NUNCA s\u00e3o cobertas pela garantia (fig. 4)<\/h4><h4>4. L\u00e2minas danificadas na zona da ponta NUNCA s\u00e3o cobertas pela garantia (fig. 2, 3, 5)<\/h4><h4>5. L\u00e2minas danificadas longitudinalmente NUNCA s\u00e3o cobertas pela garantia (fig. 6)<\/h4><h4>6. Produto danificado que \u00e9 modificado ou alterado em uma ou mais de suas partes, por exemplo, modificar o perfil de corte do sapato, grafismo, fazer furos, uso de colas que n\u00e3o sejam cianoacrilato, etc. Estes NUNCA est\u00e3o cobertos pela garantia (fig. 7)<\/h4><h4>7. Defeitos ou danos causados por sobrecarga estrutural, uso incomum ou incorreto em condi\u00e7\u00f5es anormais \/ soprados, l\u00e1grimas, quedas, solavancos, flex\u00e3o manual das l\u00e2minas ou mergulho da borda da piscina ou barco com as l\u00e2minas, etc. Estes NUNCA est\u00e3o cobertos pela garantia (consulte o manual de usu\u00e1rio)<\/h4><h4>8. Defeitos ou danos causados por falta de manuten\u00e7\u00e3o ou manuten\u00e7\u00e3o incorreta ou neglig\u00eancia NUNCA s\u00e3o cobertos pela garantia.<\/h4><h4>9. Defeitos evidentes conhecidos ou danos causados no momento da compra do produto NUNCA s\u00e3o cobertos pela garantia.<\/h4><h4>10. Defeitos \u00f3bvios ou tacitamente aceites, que n\u00e3o interferem na funcionalidade do produto, NUNCA s\u00e3o cobertos pelas garantia.<\/h4><h4>11. Defeitos ou danos causados por materiais de limpeza ou outras subst\u00e2ncias contendo produtos qu\u00edmicos agressivos (solventes, surfatctantes, combust\u00edveis, detergentes agressivos, etc.) NUNCA s\u00e3o cobertos pela garantia.<\/h4><h4>12. Defeitos ou danos resultantes de altera\u00e7\u00f5es, modifica\u00e7\u00f5es ou personaliza\u00e7\u00f5es feitas nos produtos sem autoriza\u00e7\u00e3o, NUNCA s\u00e3o cobetos pela garantia.<\/h4><h4>13. Defeitos ou danos causados por montagem incorrecta dos componentes NUNCA s\u00e3o cobertos pela garantia.<\/h4><h4>14. Defeitos ou danos causados pelo uso prolongado do produto em \u00e1gua clorada ou polu\u00edda, NUNCA s\u00e3o cobertos pela garantia.<\/h4><h4>15. Defeitos ou danos causados pela exposi\u00e7\u00e3o do produto a temperaturas excessivas, fogo ou exposi\u00e7\u00e3o prolongada \u00e0 luz solar, NUNCA s\u00e3o cobertos pela garantia.<\/h4><h4>16. Todos os componentes sujeitos ao desgaste normal em pe\u00e7as de borracha, pe\u00e7as de silicone, l\u00e1tex, neoprene, dobradi\u00e7as, mecanismos de liberta\u00e7\u00e3o. etc, n\u00e3o est\u00e3o cobertos pela garantia, a menos que possa ser demonstrado que o problema \u00e9 um defeito de fabrica\u00e7\u00e3o j\u00e1 presente no momento da compra, NUNCA est\u00e3o cobertos pela garantia.<\/h4><h4>17. HYDRONAUT n\u00e3o cobre a garantia de equipamentos usados para alugueres, militar, comercial ou para uso profissional ou competi\u00e7\u00f5es.<\/h4>\t\t\t\t\t\t<\/div>\n\t\t\t\t<\/div>\n\t\t\t\t\t<\/div>\n\t\t<\/div>\n\t\t\t\t\t<\/div>\n\t\t<\/section>\n\t\t\t\t<section class=\"elementor-section elementor-top-section elementor-element elementor-element-c7cce62 elementor-section-boxed elementor-section-height-default elementor-section-height-default\" data-id=\"c7cce62\" data-element_type=\"section\">\n\t\t\t\t\t\t<div class=\"elementor-container elementor-column-gap-default\">\n\t\t\t\t\t<div class=\"elementor-column elementor-col-50 elementor-top-column elementor-element elementor-element-022fa87\" data-id=\"022fa87\" data-element_type=\"column\">\n\t\t\t<div class=\"elementor-widget-wrap elementor-element-populated\">\n\t\t\t\t\t\t<div class=\"elementor-element elementor-element-126d0b3 elementor-widget elementor-widget-image\" data-id=\"126d0b3\" data-element_type=\"widget\" data-widget_type=\"image.default\">\n\t\t\t\t<div class=\"elementor-widget-container\">\n\t\t\t\t\t\t\t\t\t\t\t\t\t\t<a href=\"https:\/\/compositeskingdom.com\/hydronaut\/wp-content\/uploads\/2023\/09\/legendas1.jpg\" data-elementor-open-lightbox=\"yes\" data-elementor-lightbox-title=\"legendas1\" data-e-action-hash=\"#elementor-action%3Aaction%3Dlightbox%26settings%3DeyJpZCI6MzQ1NSwidXJsIjoiaHR0cHM6XC9cL2NvbXBvc2l0ZXNraW5nZG9tLmNvbVwvaHlkcm9uYXV0XC93cC1jb250ZW50XC91cGxvYWRzXC8yMDIzXC8wOVwvbGVnZW5kYXMxLmpwZyJ9\">\n\t\t\t\t\t\t\t<img decoding=\"async\" width=\"690\" height=\"1024\" src=\"https:\/\/compositeskingdom.com\/hydronaut\/wp-content\/uploads\/2023\/09\/legendas1-690x1024.jpg\" class=\"attachment-large size-large wp-image-3455\" alt=\"\" srcset=\"https:\/\/compositeskingdom.com\/hydronaut\/wp-content\/uploads\/2023\/09\/legendas1-690x1024.jpg 690w, https:\/\/compositeskingdom.com\/hydronaut\/wp-content\/uploads\/2023\/09\/legendas1-202x300.jpg 202w, https:\/\/compositeskingdom.com\/hydronaut\/wp-content\/uploads\/2023\/09\/legendas1-768x1139.jpg 768w, https:\/\/compositeskingdom.com\/hydronaut\/wp-content\/uploads\/2023\/09\/legendas1-1036x1536.jpg 1036w, https:\/\/compositeskingdom.com\/hydronaut\/wp-content\/uploads\/2023\/09\/legendas1.jpg 1093w\" sizes=\"(max-width: 690px) 100vw, 690px\" \/>\t\t\t\t\t\t\t\t<\/a>\n\t\t\t\t\t\t\t\t\t\t\t\t\t<\/div>\n\t\t\t\t<\/div>\n\t\t\t\t\t<\/div>\n\t\t<\/div>\n\t\t\t\t<div class=\"elementor-column elementor-col-50 elementor-top-column elementor-element elementor-element-5828329\" data-id=\"5828329\" data-element_type=\"column\">\n\t\t\t<div class=\"elementor-widget-wrap elementor-element-populated\">\n\t\t\t\t\t\t<div class=\"elementor-element elementor-element-a292e9a elementor-widget elementor-widget-image\" data-id=\"a292e9a\" data-element_type=\"widget\" data-widget_type=\"image.default\">\n\t\t\t\t<div class=\"elementor-widget-container\">\n\t\t\t\t\t\t\t\t\t\t\t\t\t\t<a href=\"https:\/\/compositeskingdom.com\/hydronaut\/wp-content\/uploads\/2023\/09\/legendas2.jpg\" data-elementor-open-lightbox=\"yes\" data-elementor-lightbox-title=\"legendas2\" data-e-action-hash=\"#elementor-action%3Aaction%3Dlightbox%26settings%3DeyJpZCI6MzQ1NywidXJsIjoiaHR0cHM6XC9cL2NvbXBvc2l0ZXNraW5nZG9tLmNvbVwvaHlkcm9uYXV0XC93cC1jb250ZW50XC91cGxvYWRzXC8yMDIzXC8wOVwvbGVnZW5kYXMyLmpwZyJ9\">\n\t\t\t\t\t\t\t<img decoding=\"async\" width=\"690\" height=\"1024\" src=\"https:\/\/compositeskingdom.com\/hydronaut\/wp-content\/uploads\/2023\/09\/legendas2-690x1024.jpg\" class=\"attachment-large size-large wp-image-3457\" alt=\"\" srcset=\"https:\/\/compositeskingdom.com\/hydronaut\/wp-content\/uploads\/2023\/09\/legendas2-690x1024.jpg 690w, https:\/\/compositeskingdom.com\/hydronaut\/wp-content\/uploads\/2023\/09\/legendas2-202x300.jpg 202w, https:\/\/compositeskingdom.com\/hydronaut\/wp-content\/uploads\/2023\/09\/legendas2-768x1139.jpg 768w, https:\/\/compositeskingdom.com\/hydronaut\/wp-content\/uploads\/2023\/09\/legendas2-1036x1536.jpg 1036w, https:\/\/compositeskingdom.com\/hydronaut\/wp-content\/uploads\/2023\/09\/legendas2.jpg 1093w\" sizes=\"(max-width: 690px) 100vw, 690px\" \/>\t\t\t\t\t\t\t\t<\/a>\n\t\t\t\t\t\t\t\t\t\t\t\t\t<\/div>\n\t\t\t\t<\/div>\n\t\t\t\t\t<\/div>\n\t\t<\/div>\n\t\t\t\t\t<\/div>\n\t\t<\/section>\n\t\t\t\t<\/div>\n\t\t","protected":false},"excerpt":{"rendered":"<p>HYDRONAUT Carbon Diving Fins \u00e9 um produto registrado da COMPOSITES KINGDOM (fabricante). As l\u00e2minas de fibra de carbono das Barbatanas Hydronaut t\u00eam 2 anos de<a class=\"btn btn-primary\"  href=\"https:\/\/compositeskingdom.com\/hydronaut\/barbatanas-mergulho-fibra-carbono-hydronaut-garantia\/\" target=\"_blank\">Read More<\/a><\/p>\n","protected":false},"author":1,"featured_media":0,"parent":0,"menu_order":0,"comment_status":"closed","ping_status":"closed","template":"template\/template-full-width.php","meta":{"sfsi_plus_gutenberg_text_before_share":"","sfsi_plus_gutenberg_show_text_before_share":"","sfsi_plus_gutenberg_icon_type":"","sfsi_plus_gutenberg_icon_alignemt":"","sfsi_plus_gutenburg_max_per_row":"","footnotes":""},"_links":{"self":[{"href":"https:\/\/compositeskingdom.com\/hydronaut\/wp-json\/wp\/v2\/pages\/1347"}],"collection":[{"href":"https:\/\/compositeskingdom.com\/hydronaut\/wp-json\/wp\/v2\/pages"}],"about":[{"href":"https:\/\/compositeskingdom.com\/hydronaut\/wp-json\/wp\/v2\/types\/page"}],"author":[{"embeddable":true,"href":"https:\/\/compositeskingdom.com\/hydronaut\/wp-json\/wp\/v2\/users\/1"}],"replies":[{"embeddable":true,"href":"https:\/\/compositeskingdom.com\/hydronaut\/wp-json\/wp\/v2\/comments?post=1347"}],"version-history":[{"count":39,"href":"https:\/\/compositeskingdom.com\/hydronaut\/wp-json\/wp\/v2\/pages\/1347\/revisions"}],"predecessor-version":[{"id":3483,"href":"https:\/\/compositeskingdom.com\/hydronaut\/wp-json\/wp\/v2\/pages\/1347\/revisions\/3483"}],"wp:attachment":[{"href":"https:\/\/compositeskingdom.com\/hydronaut\/wp-json\/wp\/v2\/media?parent=1347"}],"curies":[{"name":"wp","href":"https:\/\/api.w.org\/{rel}","templated":true}]}}